{"id":1176,"date":"2013-04-05T14:11:13","date_gmt":"2013-04-05T14:11:13","guid":{"rendered":"http:\/\/www.kriesi.at\/themes\/enfold\/?page_id=1176"},"modified":"2023-03-20T12:54:06","modified_gmt":"2023-03-20T12:54:06","slug":"precios","status":"publish","type":"page","link":"https:\/\/solartempo.es\/es\/pages\/precios\/","title":{"rendered":"Precios"},"content":{"rendered":"\n<style type=\"text\/css\" data-created_by=\"avia_inline_auto\" id=\"style-css-av-lezkmsnv-2277567d77bf60ede325122e2f7ad761\">\n#top .av-special-heading.av-lezkmsnv-2277567d77bf60ede325122e2f7ad761{\npadding-bottom:10px;\n}\nbody .av-special-heading.av-lezkmsnv-2277567d77bf60ede325122e2f7ad761 .av-special-heading-tag .heading-char{\nfont-size:25px;\n}\n.av-special-heading.av-lezkmsnv-2277567d77bf60ede325122e2f7ad761 .av-subheading{\nfont-size:15px;\n}\n<\/style>\n<div  class='av-special-heading av-lezkmsnv-2277567d77bf60ede325122e2f7ad761 av-special-heading-h1 blockquote modern-quote modern-centered  avia-builder-el-0  el_before_av_section  avia-builder-el-no-sibling '><h1 class='av-special-heading-tag'  itemprop=\"headline\"  >Precios y Tus Ahorros<\/h1><div class=\"special-heading-border\"><div class=\"special-heading-inner-border\"><\/div><\/div><\/div>\n<\/div><\/div><\/div><!-- close content main div --><\/div><\/div><div id='av_section_1'  class='avia-section av-28lwotk-1c35aaf40fb478554d61810d71351ad0 alternate_color avia-section-default avia-no-shadow  avia-builder-el-1  el_after_av_heading  el_before_av_heading  avia-bg-style-parallax container_wrap sidebar_right'  ><div class='container av-section-cont-open' ><div class='template-page content  av-content-small alpha units'><div class='post-entry post-entry-type-page post-entry-1176'><div class='entry-content-wrapper clearfix'>\n<div  class='avia-table av-26ovh88-55df20987bd6baa75329086fc9dfe806 main_color avia-pricing-table-container avia_pricing_minimal  avia-builder-el-2  el_before_av_textblock  avia-builder-el-first  avia-table-1'  itemscope=\"itemscope\" itemtype=\"https:\/\/schema.org\/Table\" ><div class=\"pricing-table-wrap\"><ul class='pricing-table avia-highlight-col'><li class='avia-pricing-row'><div class='first-table-item'><small>Por tan solo<\/small> 1200<span class=\"currency-symbol\">\u20ac<\/span><br \/>\n<small>Compra con todo incluido<\/small><\/div><span class='pricing-extra'><\/span><\/li><li class=''>Reduce tu factura de luz un 50% por tan solo 1200 euros, una oferta \u00fanica en el mercado.<br \/><\/li><li class=''>En tan solo 1 a\u00f1o y medio, la instalaci\u00f3n se habr\u00e1 pagado y producir\u00e1s energ\u00eda gratis.<br \/><\/li><li class=''>Contamos con un buen stock, por lo que en pocos d\u00edas te instalamos la soluci\u00f3n solar.<\/li><li class='avia-button-row'><div  class='avia-button-wrap av-u0hp9k-0faf44c33262a673fa5fabd128149296-wrap avia-button-center  avia-builder-el-3  avia-builder-el-no-sibling '><a href=''  class='avia-button av-u0hp9k-0faf44c33262a673fa5fabd128149296 avia-icon_select-no avia-size-medium avia-position-center avia-color-theme-color-highlight'  ><span class='avia_iconbox_title' >Presupuesto Gratis<\/span><\/a><\/div><\/li><\/ul><\/div><\/div>\n<section  class='av_textblock_section av-lezkuut9-66c098006be0299640eec4b8c2f80302'  itemscope=\"itemscope\" itemtype=\"https:\/\/schema.org\/CreativeWork\" ><div class='avia_textblock'  itemprop=\"text\" ><p>Es importante tener en cuenta que los hogares var\u00edan en su consumo de electricidad y, por lo tanto, no podemos ofrecer un precio estandarizado para todos. Adem\u00e1s, las condiciones del techo o del lugar de instalaci\u00f3n pueden causar variaciones adicionales, en el caso de que se presenten complicaciones. Sin embargo, podemos ayudar a hogares peque\u00f1os con un consumo diario de 6,5 kWh a precios muy competitivos por 1200 euros. Por favor, cont\u00e1ctenos para obtener m\u00e1s informaci\u00f3n sobre c\u00f3mo podemos adaptar nuestra oferta a sus necesidades espec\u00edficas.<\/p>\n<p>Tambien es importante tener en cuenta que los hogares m\u00e1s grandes con un consumo de electricidad m\u00e1s alto requerir\u00e1n instalaciones m\u00e1s grandes para satisfacer sus necesidades de energ\u00eda. Por lo tanto, el tama\u00f1o de la instalaci\u00f3n puede variar seg\u00fan el consumo energ\u00e9tico de su hogar.<\/p>\n<\/div><\/section>\n<\/div><\/div><\/div><!-- close content main div --><\/div><\/div><div id='after_section_1'  class='main_color av_default_container_wrap container_wrap sidebar_right'  ><div class='container av-section-cont-open' ><div class='template-page content  av-content-small alpha units'><div class='post-entry post-entry-type-page post-entry-1176'><div class='entry-content-wrapper clearfix'>\n<style type=\"text\/css\" data-created_by=\"avia_inline_auto\" id=\"style-css-av-lezm1tvf-faa878775d3851b2e264f882f1254459\">\n#top .av-special-heading.av-lezm1tvf-faa878775d3851b2e264f882f1254459{\npadding-bottom:10px;\n}\nbody .av-special-heading.av-lezm1tvf-faa878775d3851b2e264f882f1254459 .av-special-heading-tag .heading-char{\nfont-size:25px;\n}\n.av-special-heading.av-lezm1tvf-faa878775d3851b2e264f882f1254459 .av-subheading{\nfont-size:15px;\n}\n<\/style>\n<div  class='av-special-heading av-lezm1tvf-faa878775d3851b2e264f882f1254459 av-special-heading-h2 blockquote modern-quote modern-centered  avia-builder-el-5  el_after_av_section  el_before_av_hr  avia-builder-el-first '><h2 class='av-special-heading-tag'  itemprop=\"headline\"  >Pide tu Presupuesto Solar<\/h2><div class=\"special-heading-border\"><div class=\"special-heading-inner-border\"><\/div><\/div><\/div><\/p>\n\n<style type=\"text\/css\" data-created_by=\"avia_inline_auto\" id=\"style-css-av-lezm2uhy-a56b409ec48c87cdcd608eae7891b448\">\n#top .hr.hr-invisible.av-lezm2uhy-a56b409ec48c87cdcd608eae7891b448{\nheight:50px;\n}\n<\/style>\n<div  class='hr av-lezm2uhy-a56b409ec48c87cdcd608eae7891b448 hr-invisible  avia-builder-el-6  el_after_av_heading  el_before_av_textblock '><span class='hr-inner '><span class=\"hr-inner-style\"><\/span><\/span><\/div>\n<section  class='av_textblock_section av-lezlbhs1-c9177d7b7cb29477a010b0c9191d3aae'  itemscope=\"itemscope\" itemtype=\"https:\/\/schema.org\/CreativeWork\" ><div class='avia_textblock'  itemprop=\"text\" ><table class=\"wp-list-table widefat fixed striped table-view-list forms\">\n<tbody id=\"the-list\" data-wp-lists=\"list:form\">\n<tr>\n<td class=\"shortcode column-shortcode\" data-colname=\"Shortcode\">\r\n<style type=\"text\/css\">\r\n\r\n\r\n\r\n\r\n\r\n\r\n\tbody #wpforms-3841 .wpforms-submit-container .wpforms-submit, body #wpforms-3841 .wpforms-field-pagebreak button.wpforms-page-button {\r\n\t\tcolor:#ffffff ;background-color:#dd9933 ;\t\tborder-width: 0px;\t}\r\n\tbody #wpforms-3841 .wpforms-submit-container .wpforms-submit:hover, body #wpforms-3841 .wpforms-field-pagebreak button.wpforms-page-button:hover {\r\n\tbackground-color:#1e73be;\t\t}\r\n\tbody #wpforms-3841 .wpforms-submit-container,body #wpforms-3841 .wpforms-field-pagebreak .wpforms-pagebreak-left{\r\n\t\t}\r\n\r\n\r\n\tbody #wpforms-3841 .wpforms-form .wpforms-field input[type=text],\r\n\tbody #wpforms-3841 .wpforms-form .wpforms-field input[type=email],\r\n\tbody #wpforms-3841 .wpforms-form .wpforms-field input[type=tel],\r\n\tbody #wpforms-3841 .wpforms-form .wpforms-field input[type=url],\r\n\tbody #wpforms-3841 .wpforms-form .wpforms-field input[type=password],\r\n\tbody #wpforms-3841 .wpforms-form .wpforms-field input[type=number]\r\n\t{\r\n\t\t\t\tborder-width: 1px;\t}\r\n\tbody #wpforms-3841 .wpforms-form .wpforms-field .wpforms-field-row\r\n\t{\r\n\t\t\t}\r\n\t\r\n\r\n\r\n\r\n\r\n\/* Styling for Tablets *\/\r\n@media only screen and (max-width: 800px) and (min-width:481px) {\r\n\t\r\n\r\n\r\n\r\n}\r\n\r\n@media only screen and (max-width: 480px){\r\n\t\r\n\r\n\r\n\r\n}\r\n\/*Option to add custom CSS *\/\r\n\r\n\r\n\r\n\r\n\t\t<\/style>\r\n\t\t<div class=\"wpforms-container wpforms-container-full\" id=\"wpforms-3841\"><form id=\"wpforms-form-3841\" class=\"wpforms-validate wpforms-form wpforms-ajax-form\" data-formid=\"3841\" method=\"post\" enctype=\"multipart\/form-data\" action=\"\/es\/wp-json\/wp\/v2\/pages\/1176\" data-token=\"beadbdabff33dd4bd4fdcbc2f28ec657\"><noscript class=\"wpforms-error-noscript\">Por favor, activa JavaScript en tu navegador para completar este formulario.<\/noscript><div class=\"wpforms-field-container\"><div id=\"wpforms-3841-field_0-container\" class=\"wpforms-field wpforms-field-name\" data-field-id=\"0\"><label class=\"wpforms-field-label wpforms-label-hide\" for=\"wpforms-3841-field_0\">Nombre<\/label><input type=\"text\" id=\"wpforms-3841-field_0\" class=\"wpforms-field-large\" name=\"wpforms[fields][0]\" placeholder=\"Nombre\" ><\/div><div id=\"wpforms-3841-field_1-container\" class=\"wpforms-field wpforms-field-email\" data-field-id=\"1\"><label class=\"wpforms-field-label wpforms-label-hide\" for=\"wpforms-3841-field_1\">Correo electr\u00f3nico <span class=\"wpforms-required-label\">*<\/span><\/label><input type=\"email\" id=\"wpforms-3841-field_1\" class=\"wpforms-field-large wpforms-field-required\" name=\"wpforms[fields][1]\" placeholder=\"Correo electr\u00f3nico\" spellcheck=\"false\" required><\/div><div id=\"wpforms-3841-field_8-container\" class=\"wpforms-field wpforms-field-phone\" data-field-id=\"8\"><label class=\"wpforms-field-label wpforms-label-hide\" for=\"wpforms-3841-field_8\">Tel\u00e9fono<\/label><input type=\"tel\" id=\"wpforms-3841-field_8\" class=\"wpforms-field-large\" data-rule-int-phone-field=\"true\" name=\"wpforms[fields][8]\" placeholder=\"N\u00famero de tel\u00e9fono\" ><\/div><div id=\"wpforms-3841-field_9-container\" class=\"wpforms-field wpforms-field-address\" data-field-id=\"9\"><label class=\"wpforms-field-label\" for=\"wpforms-3841-field_9\">Direcci\u00f3n<\/label><div class=\"wpforms-field-row wpforms-field-large\"><div ><input type=\"text\" id=\"wpforms-3841-field_9\" class=\"wpforms-field-address-address1\" name=\"wpforms[fields][9][address1]\" placeholder=\"Address\" ><label for=\"wpforms-3841-field_9\" class=\"wpforms-field-sublabel after wpforms-sublabel-hide\">Direcci\u00f3n (l\u00ednea 1)<\/label><\/div><\/div><div class=\"wpforms-field-row wpforms-field-large\"><div class=\"wpforms-field-row-block wpforms-one-half wpforms-first\"><input type=\"text\" id=\"wpforms-3841-field_9-city\" class=\"wpforms-field-address-city\" name=\"wpforms[fields][9][city]\" placeholder=\"City\" ><label for=\"wpforms-3841-field_9-city\" class=\"wpforms-field-sublabel after wpforms-sublabel-hide\">Ciudad<\/label><\/div><div class=\"wpforms-field-row-block wpforms-one-half\"><input type=\"text\" id=\"wpforms-3841-field_9-state\" class=\"wpforms-field-address-state\" name=\"wpforms[fields][9][state]\" placeholder=\"Province\" ><label for=\"wpforms-3841-field_9-state\" class=\"wpforms-field-sublabel after wpforms-sublabel-hide\">Estado \/ Provincia \/ Regi\u00f3n<\/label><\/div><\/div><div class=\"wpforms-field-row wpforms-field-large\"><div class=\"wpforms-field-row-block wpforms-one-half wpforms-first\"><input type=\"text\" id=\"wpforms-3841-field_9-postal\" class=\"wpforms-field-address-postal\" name=\"wpforms[fields][9][postal]\" placeholder=\"ZIP\" ><label for=\"wpforms-3841-field_9-postal\" class=\"wpforms-field-sublabel after wpforms-sublabel-hide\">C\u00f3digo postal<\/label><\/div><\/div><\/div><div id=\"wpforms-3841-field_11-container\" class=\"wpforms-field wpforms-field-gdpr-checkbox\" data-field-id=\"11\"><label class=\"wpforms-field-label\" for=\"wpforms-3841-field_11\">Consentimiento GDPR <span class=\"wpforms-required-label\">*<\/span><\/label><ul id=\"wpforms-3841-field_11\" class=\"wpforms-field-required\"><li class=\"choice-1\"><input type=\"checkbox\" id=\"wpforms-3841-field_11_1\" name=\"wpforms[fields][11][]\" value=\"La informaci\u00f3n que usted proporciona se utilizar\u00e1 \u00fanicamente para responder a su solicitud. La protecci\u00f3n de sus datos personales es importante para nosotros. Por lo tanto, le pedimos su consentimiento para utilizar sus datos para responder a su solicitud. \" required ><label class=\"wpforms-field-label-inline\" for=\"wpforms-3841-field_11_1\">La informaci\u00f3n que usted proporciona se utilizar\u00e1 \u00fanicamente para responder a su solicitud. La protecci\u00f3n de sus datos personales es importante para nosotros. Por lo tanto, le pedimos su consentimiento para utilizar sus datos para responder a su solicitud. <\/label><\/li><\/ul><\/div><div id=\"wpforms-3841-field_2-container\" class=\"wpforms-field wpforms-field-textarea\" data-field-id=\"2\"><label class=\"wpforms-field-label\" for=\"wpforms-3841-field_2\">Mensaje<\/label><textarea id=\"wpforms-3841-field_2\" class=\"wpforms-field-medium\" name=\"wpforms[fields][2]\" ><\/textarea><\/div><\/div><!-- .wpforms-field-container --><div class=\"wpforms-submit-container\" ><input type=\"hidden\" name=\"wpforms[id]\" value=\"3841\"><input type=\"hidden\" name=\"wpforms[author]\" value=\"1\"><button type=\"submit\" name=\"wpforms[submit]\" id=\"wpforms-submit-3841\" class=\"wpforms-submit\" data-alt-text=\"Enviando...\" data-submit-text=\"Enviar\" aria-live=\"assertive\" value=\"wpforms-submit\">Enviar<\/button><img loading=\"lazy\" decoding=\"async\" src=\"https:\/\/solartempo.es\/wp-content\/plugins\/wpforms\/assets\/images\/submit-spin.svg\" class=\"wpforms-submit-spinner\" style=\"display: none;\" width=\"26\" height=\"26\" alt=\"Cargando\"><\/div><\/form><\/div>  <!-- .wpforms-container --><\/td>\n<\/tr>\n<\/tbody>\n<\/table>\n<\/div><\/section>\n","protected":false},"excerpt":{"rendered":"","protected":false},"author":1,"featured_media":0,"parent":1122,"menu_order":0,"comment_status":"open","ping_status":"closed","template":"","meta":{"footnotes":""},"class_list":["post-1176","page","type-page","status-publish","hentry"],"_links":{"self":[{"href":"https:\/\/solartempo.es\/es\/wp-json\/wp\/v2\/pages\/1176","targetHints":{"allow":["GET"]}}],"collection":[{"href":"https:\/\/solartempo.es\/es\/wp-json\/wp\/v2\/pages"}],"about":[{"href":"https:\/\/solartempo.es\/es\/wp-json\/wp\/v2\/types\/page"}],"author":[{"embeddable":true,"href":"https:\/\/solartempo.es\/es\/wp-json\/wp\/v2\/users\/1"}],"replies":[{"embeddable":true,"href":"https:\/\/solartempo.es\/es\/wp-json\/wp\/v2\/comments?post=1176"}],"version-history":[{"count":45,"href":"https:\/\/solartempo.es\/es\/wp-json\/wp\/v2\/pages\/1176\/revisions"}],"predecessor-version":[{"id":4777,"href":"https:\/\/solartempo.es\/es\/wp-json\/wp\/v2\/pages\/1176\/revisions\/4777"}],"up":[{"embeddable":true,"href":"https:\/\/solartempo.es\/es\/wp-json\/wp\/v2\/pages\/1122"}],"wp:attachment":[{"href":"https:\/\/solartempo.es\/es\/wp-json\/wp\/v2\/media?parent=1176"}],"curies":[{"name":"wp","href":"https:\/\/api.w.org\/{rel}","templated":true}]}}