{"id":4307,"date":"2023-01-13T12:42:10","date_gmt":"2023-01-13T12:42:10","guid":{"rendered":"https:\/\/solartempo.es\/app-incluido\/"},"modified":"2023-01-24T11:21:17","modified_gmt":"2023-01-24T11:21:17","slug":"app-incluido","status":"publish","type":"page","link":"https:\/\/solartempo.es\/es\/app-incluido\/","title":{"rendered":"App Incluido"},"content":{"rendered":"<div id='layer_slider_1'  class='avia-layerslider main_color avia-shadow  avia-builder-el-0  el_before_av_one_third  avia-builder-el-first  container_wrap sidebar_right'  style='height: 471px;'  ><\/div><div id='after_layer_slider_1'  class='main_color av_default_container_wrap container_wrap sidebar_right'  ><div class='container av-section-cont-open' ><div class='template-page content  av-content-small alpha units'><div class='post-entry post-entry-type-page post-entry-4307'><div class='entry-content-wrapper clearfix'>\n<div class='flex_column av-9n0qzq-f8c3bacc69f5be855830ab8f2828743c av_one_third  avia-builder-el-1  el_after_av_layerslider  el_before_av_one_third  avia-builder-el-first  first flex_column_div '     ><article  class='iconbox iconbox_left av-9hl9ye-5ab6fa560da8eb4c0b5aa07d9bbef730  avia-builder-el-2  avia-builder-el-no-sibling '  itemscope=\"itemscope\" itemtype=\"https:\/\/schema.org\/CreativeWork\" ><div class=\"iconbox_content\"><header class=\"entry-content-header\"><div class=\"iconbox_icon heading-color\" aria-hidden='true' data-av_icon='\ue8c5' data-av_iconfont='entypo-fontello'><\/div><h3 class='iconbox_content_title '  itemprop=\"headline\" >Vea sus ahorros en una aplicaci\u00f3n<\/h3><\/header><div class='iconbox_content_container '  itemprop=\"text\" ><p>La aplicaci\u00f3n te permite ver f\u00e1cilmente cu\u00e1nta electricidad ahorras en cada momento, est\u00e9s donde est\u00e9s, en lugar de tener que recopilar e interpretar los datos manualmente.<\/p>\n<\/div><\/div><footer class=\"entry-footer\"><\/footer><\/article><\/div><div class='flex_column av-9c7soe-8c02b3ec89a0b875759770eda60d8127 av_one_third  avia-builder-el-3  el_after_av_one_third  el_before_av_one_third  flex_column_div '     ><article  class='iconbox iconbox_left av-95g0fy-d7e0f17176c2ff92108bb98078d413bb  avia-builder-el-4  avia-builder-el-no-sibling '  itemscope=\"itemscope\" itemtype=\"https:\/\/schema.org\/CreativeWork\" ><div class=\"iconbox_content\"><header class=\"entry-content-header\"><div class=\"iconbox_icon heading-color\" aria-hidden='true' data-av_icon='\uf107' data-av_iconfont='fontello'><\/div><h3 class='iconbox_content_title '  itemprop=\"headline\" >Comprenda mejor sus paneles<\/h3><\/header><div class='iconbox_content_container '  itemprop=\"text\" ><p>La aplicaci\u00f3n puede ayudarte a entender mejor c\u00f3mo funcionan tus paneles solares y c\u00f3mo afectan a tu ahorro distintos factores, como las condiciones meteorol\u00f3gicas y el uso de la energ\u00eda.<\/p>\n<\/div><\/div><footer class=\"entry-footer\"><\/footer><\/article><\/div><\/p>\n<div class='flex_column av-922m2m-21b2c1b17f1b10e608e9eb74f3670243 av_one_third  avia-builder-el-5  el_after_av_one_third  el_before_av_section  avia-builder-el-last  flex_column_div '     ><article  class='iconbox iconbox_left av-vynem-b2cda567e35a055e4d8ccbe3a5cd5b8f  avia-builder-el-6  avia-builder-el-no-sibling '  itemscope=\"itemscope\" itemtype=\"https:\/\/schema.org\/CreativeWork\" ><div class=\"iconbox_content\"><header class=\"entry-content-header\"><div class=\"iconbox_icon heading-color\" aria-hidden='true' data-av_icon='\ue891' data-av_iconfont='entypo-fontello'><\/div><h3 class='iconbox_content_title '  itemprop=\"headline\" >Obtenga una mejor visi\u00f3n general<\/h3><\/header><div class='iconbox_content_container '  itemprop=\"text\" ><p>Ver sus ahorros en tiempo real puede ayudarle a tomar medidas para reducir a\u00fan m\u00e1s su consumo de energ\u00eda y maximizar los beneficios de sus paneles solares.<\/p>\n<\/div><\/div><footer class=\"entry-footer\"><\/footer><\/article><\/div>\n<\/div><\/div><\/div><!-- close content main div --><\/div><\/div><div id='av_section_1'  class='avia-section av-3d6o4e-0f8473c0ac6cd2ef184af2bdb9f46898 main_color avia-section-default avia-no-shadow  avia-builder-el-7  el_after_av_one_third  el_before_av_section  avia-bg-style-scroll container_wrap sidebar_right'  ><div class='container av-section-cont-open' ><div class='template-page content  av-content-small alpha units'><div class='post-entry post-entry-type-page post-entry-4307'><div class='entry-content-wrapper clearfix'>\n<div class='flex_column av-bv6ni-d8e22d8e8a3d239993643b7a5d06f62f av_one_half  avia-builder-el-8  el_before_av_one_half  avia-builder-el-first  first flex_column_div '     ><img loading=\"lazy\" decoding=\"async\" width=\"1000\" height=\"600\" src=\"https:\/\/solartempo.es\/wp-content\/uploads\/2011\/12\/imac_big_demo.png\" class=\"avia_image av-33l5um-04b7241891aba97031d11b0a661ac062 av-styling- avia_animated_image av-animated-when-visible-95 left-to-right avia-align-right  avia-builder-el-9  avia-builder-el-no-sibling \" alt=\"\" srcset=\"https:\/\/solartempo.es\/wp-content\/uploads\/2011\/12\/imac_big_demo.png 1000w, https:\/\/solartempo.es\/wp-content\/uploads\/2011\/12\/imac_big_demo-300x180.png 300w, https:\/\/solartempo.es\/wp-content\/uploads\/2011\/12\/imac_big_demo-768x461.png 768w, https:\/\/solartempo.es\/wp-content\/uploads\/2011\/12\/imac_big_demo-705x423.png 705w\" sizes=\"auto, (max-width: 1000px) 100vw, 1000px\" \/><\/div><div class='flex_column av-akyau-51a6b2bd5cd806519b24f0605f7fbdb8 av_one_half  avia-builder-el-10  el_after_av_one_half  avia-builder-el-last  flex_column_div '     ><p><section  class='av_textblock_section av-2oh0ce-843a0e90e58bcd86eedcec644de86efc'  itemscope=\"itemscope\" itemtype=\"https:\/\/schema.org\/CreativeWork\" ><div class='avia_textblock'  itemprop=\"text\" ><p>Seguir desde el m\u00f3vil<\/p>\n<\/div><\/section><br \/>\n<div  class='hr av-2i6de6-57c67b10308dd9e2289a24ae28d637db hr-short  avia-builder-el-12  el_after_av_textblock  el_before_av_textblock  hr-left'><span class='hr-inner '><span class=\"hr-inner-style\"><\/span><\/span><\/div><br \/>\n<section  class='av_textblock_section av-2era2e-5665b2f0e0acf0fac68108df517574aa'  itemscope=\"itemscope\" itemtype=\"https:\/\/schema.org\/CreativeWork\" ><div class='avia_textblock'  itemprop=\"text\" ><p>Poder hacer un seguimiento del rendimiento de tu sistema fotovoltaico a trav\u00e9s de una app es una gran ventaja porque te permite controlar el funcionamiento y el rendimiento de tu sistema en tiempo real. Esto puede ayudarle a identificar cualquier problema o ineficiencia que pueda estar afectando a su producci\u00f3n de energ\u00eda. Tambi\u00e9n puede proporcionarle datos valiosos sobre el funcionamiento de su planta en distintas condiciones meteorol\u00f3gicas y a distintas horas del d\u00eda. Esto puede ayudarle a optimizar el funcionamiento de su planta para aumentar la producci\u00f3n de energ\u00eda y ahorrar en costes de electricidad. El f\u00e1cil acceso a esta informaci\u00f3n tambi\u00e9n puede ayudar a aumentar tu propia conciencia sobre c\u00f3mo utilizas la energ\u00eda y c\u00f3mo puedes reducir tu propio consumo energ\u00e9tico.<\/p>\n<\/div><\/section><br \/>\n<div  class='hr av-29suge-159b7dffa03210e027702eabc8f50b19 hr-short  avia-builder-el-14  el_after_av_textblock  el_before_av_button  hr-left'><span class='hr-inner '><span class=\"hr-inner-style\"><\/span><\/span><\/div><br \/>\n<div  class='avia-button-wrap av-24bjty-b0d0be91c7f6a864de1bf6be92fa5154-wrap avia-button-left  avia-builder-el-15  el_after_av_hr  avia-builder-el-last '><a href=''  class='avia-button av-24bjty-b0d0be91c7f6a864de1bf6be92fa5154 avia-icon_select-yes-left-icon avia-size-large avia-position-left avia-color-theme-color-subtle'  ><span class='avia_button_icon avia_button_icon_left' aria-hidden='true' data-av_icon='\ue80b' data-av_iconfont='entypo-fontello'><\/span><span class='avia_iconbox_title' >P\u00f3ngase en contacto<\/span><\/a><\/div><\/p><\/div>\n\n<\/div><\/div><\/div><!-- close content main div --><\/div><\/div><div id='av_section_2'  class='avia-section av-1vf20u-aed736d21c2b3ce2b973f864e75ca018 alternate_color avia-section-large avia-shadow  avia-builder-el-16  el_after_av_section  avia-builder-el-last  avia-bg-style-scroll container_wrap sidebar_right'  ><div class='container av-section-cont-open' ><div class='template-page content  av-content-small alpha units'><div class='post-entry post-entry-type-page post-entry-4307'><div class='entry-content-wrapper clearfix'>\n\n<style type=\"text\/css\" data-created_by=\"avia_inline_auto\" id=\"style-css-av-lcuisa2t-336df58794f833743eb7809409f5e9aa\">\n#top .av-special-heading.av-lcuisa2t-336df58794f833743eb7809409f5e9aa{\npadding-bottom:10px;\n}\nbody .av-special-heading.av-lcuisa2t-336df58794f833743eb7809409f5e9aa .av-special-heading-tag .heading-char{\nfont-size:25px;\n}\n.av-special-heading.av-lcuisa2t-336df58794f833743eb7809409f5e9aa .av-subheading{\nfont-size:15px;\n}\n<\/style>\n<div  class='av-special-heading av-lcuisa2t-336df58794f833743eb7809409f5e9aa av-special-heading-h3 blockquote modern-quote modern-centered  avia-builder-el-17  el_before_av_portfolio  avia-builder-el-no-sibling '><h3 class='av-special-heading-tag'  itemprop=\"headline\"  >Estos son algunos de nuestros proyectos<\/h3><div class=\"special-heading-border\"><div class=\"special-heading-inner-border\"><\/div><\/div><\/div>\n<div  id=\"av-sc-portfolio-1\"  class=\"av-portfolio-grid-sorting-container\"><div class='sort_width_container  av-sort-yes' data-portfolio-id='1' ><div id='js_sort_items' ><div class='sort_by_cat hidden'><a href=\"#\" data-filter=\"all_sort\" class=\"all_sort_button active_sort\"><span class=\"inner_sort_button\"><span>Todo<\/span><small class=\"av-cat-count\"> 1 <\/small><\/span><\/a><span class=\"text-sep proyectos_sort_sep\">\/<\/span><a href=\"#\" data-filter=\"proyectos_sort\" class=\"proyectos_sort_button\" ><span class=\"inner_sort_button\"><span>Proyectos<\/span><small class=\"av-cat-count\"> 1 <\/small><\/span><\/a><\/div><\/div><\/div><div  class=' grid-sort-container isotope   no_margin-container with-title-container grid-total-odd grid-col-4 grid-links-' data-portfolio-id='1'><div data-ajax-id='4464' class=' grid-entry flex_column isotope-item all_sort no_margin post-entry post-entry-4464 grid-entry-overview grid-loop-1 grid-parity-odd  post-entry-last  proyectos_sort  av_one_fourth first default_av_fullwidth '><article class='main_color inner-entry'  itemscope=\"itemscope\" itemtype=\"https:\/\/schema.org\/CreativeWork\" ><a href=\"https:\/\/solartempo.es\/es\/portfolio-item\/instalacion-de-7-7-kw\/\" title='Instalaci\u00f3n de 7.7 kW'  data-rel='grid-1' class='grid-image avia-hover-fx'> <img decoding=\"async\" width=\"260\" height=\"185\" src=\"https:\/\/solartempo.es\/wp-content\/uploads\/2011\/01\/Prosjekt-260x185.png\" class=\"wp-image-4159 avia-img-lazy-loading-not-4159 attachment-portfolio_small size-portfolio_small wp-post-image\" alt=\"\" \/><\/a><div class='grid-content'><div class='avia-arrow'><\/div><header class=\"entry-content-header\"><h3 class='grid-entry-title entry-title '  itemprop=\"headline\" ><a href='https:\/\/solartempo.es\/es\/portfolio-item\/instalacion-de-7-7-kw\/' title='Instalaci\u00f3n de 7.7 kW'>Instalaci\u00f3n de 7.7 kW<\/a><\/h3><\/header><\/div><footer class=\"entry-footer\"><\/footer><\/article><\/div><\/div><\/div>   <!--   class=\"av-portfolio-grid-sorting-container\"  -->\n<\/div><\/div><\/div><!-- close content main div --><\/div><\/div><div id='after_section_2'  class='main_color av_default_container_wrap container_wrap sidebar_right'  ><div class='container av-section-cont-open' ><div class='template-page content  av-content-small alpha units'><div class='post-entry post-entry-type-page post-entry-4307'><div class='entry-content-wrapper clearfix'>\n","protected":false},"excerpt":{"rendered":"<p>This is a Page excerpt. It will be displayed for search results<\/p>\n","protected":false},"author":1,"featured_media":0,"parent":0,"menu_order":0,"comment_status":"open","ping_status":"closed","template":"","meta":{"footnotes":""},"class_list":["post-4307","page","type-page","status-publish","hentry"],"_links":{"self":[{"href":"https:\/\/solartempo.es\/es\/wp-json\/wp\/v2\/pages\/4307","targetHints":{"allow":["GET"]}}],"collection":[{"href":"https:\/\/solartempo.es\/es\/wp-json\/wp\/v2\/pages"}],"about":[{"href":"https:\/\/solartempo.es\/es\/wp-json\/wp\/v2\/types\/page"}],"author":[{"embeddable":true,"href":"https:\/\/solartempo.es\/es\/wp-json\/wp\/v2\/users\/1"}],"replies":[{"embeddable":true,"href":"https:\/\/solartempo.es\/es\/wp-json\/wp\/v2\/comments?post=4307"}],"version-history":[{"count":2,"href":"https:\/\/solartempo.es\/es\/wp-json\/wp\/v2\/pages\/4307\/revisions"}],"predecessor-version":[{"id":4309,"href":"https:\/\/solartempo.es\/es\/wp-json\/wp\/v2\/pages\/4307\/revisions\/4309"}],"wp:attachment":[{"href":"https:\/\/solartempo.es\/es\/wp-json\/wp\/v2\/media?parent=4307"}],"curies":[{"name":"wp","href":"https:\/\/api.w.org\/{rel}","templated":true}]}}